{"id":60,"date":"2016-10-03T13:38:47","date_gmt":"2016-10-03T11:38:47","guid":{"rendered":"http:\/\/www.fabmatics.com\/de\/products\/identification\/"},"modified":"2025-07-08T11:24:51","modified_gmt":"2025-07-08T09:24:51","slug":"identification","status":"publish","type":"page","link":"https:\/\/www.fabmatics.com\/de\/produkte\/identification\/","title":{"rendered":"Identifikation"},"content":{"rendered":"<h2>&Uuml;berblick Identifikationssystem<\/h2>\n<div class=\"list-content-container clearfix type-page layout-productcatoverview row \">\t\n\t<div class=\"quicklinks clearfix\">\n\t\t<ol>\n\t\t\t\t\t\t\t<li class=\"col-xs-12 col-sm-6 col-md-4\"><a class=\"scrollToAnchor\" href=\"#category-indoor-gps\">Indoor GPS<\/a><\/li>\n\t\t\t\t\t\t\t<li class=\"col-xs-12 col-sm-6 col-md-4\"><a class=\"scrollToAnchor\" href=\"#category-rfid\">RFID<\/a><\/li>\n\t\t\t\t\t<\/ol>\n\t<\/div>\n\t\n<!-- template_part page - page -->\t\n\t\t\n\t\t<h3 id=\"category-indoor-gps\">Indoor GPS<\/h3>\n\t\t<div class=\"product-row clearfix\">\n\n\t\t\t\t\n\t\t\t\t<article class=\"col-xs-12 col-sm-6 clearfix\" data-href=\"https:\/\/www.fabmatics.com\/de\/produkte\/identification\/indoor-gps\/fab-lips\/\">\n\t\t\t\t\t<div class=\"row\">\n\t\t\t\t\t\t<figure class=\"col-xs-12 col-sm-6\">\n\t\t\t\t\t\t\t<img loading=\"lazy\" decoding=\"async\" width=\"300\" height=\"178\" src=\"https:\/\/www.fabmatics.com\/files\/2016\/10\/ortner-FAB-LIPS_RRO-300x178.jpg\" class=\"attachment-medium size-medium\" alt=\"FAB-LIPS\" title=\"FAB-LIPS\" srcset=\"https:\/\/www.fabmatics.com\/files\/2016\/10\/ortner-FAB-LIPS_RRO-300x178.jpg 300w, https:\/\/www.fabmatics.com\/files\/2016\/10\/ortner-FAB-LIPS_RRO-768x457.jpg 768w, https:\/\/www.fabmatics.com\/files\/2016\/10\/ortner-FAB-LIPS_RRO-1024x609.jpg 1024w, https:\/\/www.fabmatics.com\/files\/2016\/10\/ortner-FAB-LIPS_RRO.jpg 1263w\" sizes=\"auto, (max-width: 300px) 100vw, 300px\" \/>\t\t\t\t\t\t<\/figure>\n\t\t\t\t\t\t<div class=\"col-xs-12 col-sm-6\">\n\t\t\t\t\t\t\t<h4>FAB-LIPS<\/h4>\n\t\t\t\t\t\t\t<p>Echtzeit-Lokalisierungssystem zur Indoor-Ortung von Produktionslosen in der Fabrik<\/p>\n\t\t\t\t\t\t\t<p><a href=\"https:\/\/www.fabmatics.com\/de\/produkte\/identification\/indoor-gps\/fab-lips\/\" title=\"FAB-LIPS: Erfahren Sie mehr\">Erfahren Sie mehr<\/a><\/p>\n\t\t\t\t\t\t<\/div>\n\t\t\t\t\t<\/div>\n\t\t\t\t<\/article>\n\t\t\n\t\n\t\t\t\t\t\n\t\t<\/div>\n\t\t\u00a0\n\t\t\n<!-- template_part page - page -->\t\n\t\t\n\t\t<h3 id=\"category-rfid\">RFID<\/h3>\n\t\t<div class=\"product-row clearfix\">\n\n\t\t\t\t\n\t\t\t\t<article class=\"col-xs-12 col-sm-6 clearfix\" data-href=\"https:\/\/www.fabmatics.com\/de\/produkte\/identification\/rfid\/rfid-reader-lf-134-eth-mux4\/\">\n\t\t\t\t\t<div class=\"row\">\n\t\t\t\t\t\t<figure class=\"col-xs-12 col-sm-6\">\n\t\t\t\t\t\t\t<img loading=\"lazy\" decoding=\"async\" width=\"300\" height=\"225\" src=\"https:\/\/www.fabmatics.com\/files\/2025\/11\/rfid-reader-lf-134-eth-mux4-frontview-300x225.jpg\" class=\"attachment-medium size-medium\" alt=\"RFID Reader LF-134-ETH-MUX4\" title=\"Multiport RFID Reader LF-134-ETH-MUX4\" srcset=\"https:\/\/www.fabmatics.com\/files\/2025\/11\/rfid-reader-lf-134-eth-mux4-frontview-300x225.jpg 300w, https:\/\/www.fabmatics.com\/files\/2025\/11\/rfid-reader-lf-134-eth-mux4-frontview-768x576.jpg 768w, https:\/\/www.fabmatics.com\/files\/2025\/11\/rfid-reader-lf-134-eth-mux4-frontview.jpg 1024w\" sizes=\"auto, (max-width: 300px) 100vw, 300px\" \/>\t\t\t\t\t\t<\/figure>\n\t\t\t\t\t\t<div class=\"col-xs-12 col-sm-6\">\n\t\t\t\t\t\t\t<h4>RFID Reader LF-134-ETH-MUX4<\/h4>\n\t\t\t\t\t\t\t<p>RFID-Multiplex-L\u00f6sung, die bis zu vier Antennen und vier Sensoren unterst\u00fctzt<\/p>\n\t\t\t\t\t\t\t<p><a href=\"https:\/\/www.fabmatics.com\/de\/produkte\/identification\/rfid\/rfid-reader-lf-134-eth-mux4\/\" title=\"RFID Reader LF-134-ETH-MUX4: Erfahren Sie mehr\">Erfahren Sie mehr<\/a><\/p>\n\t\t\t\t\t\t<\/div>\n\t\t\t\t\t<\/div>\n\t\t\t\t<\/article>\n\t\t\n\t\n\t\t\t\t\n\t\t\t\t<article class=\"col-xs-12 col-sm-6 clearfix\" data-href=\"https:\/\/www.fabmatics.com\/de\/produkte\/identification\/rfid\/lf-134-ser\/\">\n\t\t\t\t\t<div class=\"row\">\n\t\t\t\t\t\t<figure class=\"col-xs-12 col-sm-6\">\n\t\t\t\t\t\t\t<img loading=\"lazy\" decoding=\"async\" width=\"300\" height=\"225\" src=\"https:\/\/www.fabmatics.com\/files\/2019\/07\/RFID-reader-LF-134-SER-300x225.png\" class=\"attachment-medium size-medium\" alt=\"RFID Reader LF-134-SER\" title=\"RFID Reader LF-134-SER\" srcset=\"https:\/\/www.fabmatics.com\/files\/2019\/07\/RFID-reader-LF-134-SER-300x225.png 300w, https:\/\/www.fabmatics.com\/files\/2019\/07\/RFID-reader-LF-134-SER-768x576.png 768w, https:\/\/www.fabmatics.com\/files\/2019\/07\/RFID-reader-LF-134-SER.png 1024w\" sizes=\"auto, (max-width: 300px) 100vw, 300px\" \/>\t\t\t\t\t\t<\/figure>\n\t\t\t\t\t\t<div class=\"col-xs-12 col-sm-6\">\n\t\t\t\t\t\t\t<h4>RFID Reader LF-134-SER<\/h4>\n\t\t\t\t\t\t\t<p>Die serielle Schnittstelle ist an praktisch jede Produktionsanlage anschlie\u00dfbar<\/p>\n\t\t\t\t\t\t\t<p><a href=\"https:\/\/www.fabmatics.com\/de\/produkte\/identification\/rfid\/lf-134-ser\/\" title=\"RFID Reader LF-134-SER: Erfahren Sie mehr\">Erfahren Sie mehr<\/a><\/p>\n\t\t\t\t\t\t<\/div>\n\t\t\t\t\t<\/div>\n\t\t\t\t<\/article>\n\t\t\n\t\n\t\t\t\t\n\t\t\t\t<article class=\"col-xs-12 col-sm-6 clearfix\" data-href=\"https:\/\/www.fabmatics.com\/de\/produkte\/identification\/rfid\/lf-134-can\/\">\n\t\t\t\t\t<div class=\"row\">\n\t\t\t\t\t\t<figure class=\"col-xs-12 col-sm-6\">\n\t\t\t\t\t\t\t<img loading=\"lazy\" decoding=\"async\" width=\"300\" height=\"225\" src=\"https:\/\/www.fabmatics.com\/files\/2019\/07\/RFID-reader-LF-134-CAN-300x225.png\" class=\"attachment-medium size-medium\" alt=\"RFID Reader LF-134-CAN\" title=\"RFID Reader LF-134-CAN\" srcset=\"https:\/\/www.fabmatics.com\/files\/2019\/07\/RFID-reader-LF-134-CAN-300x225.png 300w, https:\/\/www.fabmatics.com\/files\/2019\/07\/RFID-reader-LF-134-CAN-768x576.png 768w, https:\/\/www.fabmatics.com\/files\/2019\/07\/RFID-reader-LF-134-CAN.png 1024w\" sizes=\"auto, (max-width: 300px) 100vw, 300px\" \/>\t\t\t\t\t\t<\/figure>\n\t\t\t\t\t\t<div class=\"col-xs-12 col-sm-6\">\n\t\t\t\t\t\t\t<h4>RFID Reader LF-134-CAN<\/h4>\n\t\t\t\t\t\t\t<p>Mit integrierter CAN-Bus-Schnittstelle zur einfachen Vernetzung mehrerer Ger\u00e4te<\/p>\n\t\t\t\t\t\t\t<p><a href=\"https:\/\/www.fabmatics.com\/de\/produkte\/identification\/rfid\/lf-134-can\/\" title=\"RFID Reader LF-134-CAN: Erfahren Sie mehr\">Erfahren Sie mehr<\/a><\/p>\n\t\t\t\t\t\t<\/div>\n\t\t\t\t\t<\/div>\n\t\t\t\t<\/article>\n\t\t\n\t\n\t\t\t\t\n\t\t\t\t<article class=\"col-xs-12 col-sm-6 clearfix\" data-href=\"https:\/\/www.fabmatics.com\/de\/produkte\/identification\/rfid\/hf-1356-ser\/\">\n\t\t\t\t\t<div class=\"row\">\n\t\t\t\t\t\t<figure class=\"col-xs-12 col-sm-6\">\n\t\t\t\t\t\t\t<img loading=\"lazy\" decoding=\"async\" width=\"300\" height=\"225\" src=\"https:\/\/www.fabmatics.com\/files\/2019\/07\/RFID-reader-HF-1356-SER-300x225.png\" class=\"attachment-medium size-medium\" alt=\"RFID Reader HF-1356-SER\" title=\"RFID Reader HF-1356-SER\" srcset=\"https:\/\/www.fabmatics.com\/files\/2019\/07\/RFID-reader-HF-1356-SER-300x225.png 300w, https:\/\/www.fabmatics.com\/files\/2019\/07\/RFID-reader-HF-1356-SER-768x576.png 768w, https:\/\/www.fabmatics.com\/files\/2019\/07\/RFID-reader-HF-1356-SER.png 1024w\" sizes=\"auto, (max-width: 300px) 100vw, 300px\" \/>\t\t\t\t\t\t<\/figure>\n\t\t\t\t\t\t<div class=\"col-xs-12 col-sm-6\">\n\t\t\t\t\t\t\t<h4>RFID Reader HF-1356-SER<\/h4>\n\t\t\t\t\t\t\t<p>Mit serieller Schnittstelle zum einfachen Anschluss an nahezu jede Produktionsanlage<\/p>\n\t\t\t\t\t\t\t<p><a href=\"https:\/\/www.fabmatics.com\/de\/produkte\/identification\/rfid\/hf-1356-ser\/\" title=\"RFID Reader HF-1356-SER: Erfahren Sie mehr\">Erfahren Sie mehr<\/a><\/p>\n\t\t\t\t\t\t<\/div>\n\t\t\t\t\t<\/div>\n\t\t\t\t<\/article>\n\t\t\n\t\n\t\t\t\t\n\t\t\t\t<article class=\"col-xs-12 col-sm-6 clearfix\" data-href=\"https:\/\/www.fabmatics.com\/de\/produkte\/identification\/rfid\/hf-1356-can\/\">\n\t\t\t\t\t<div class=\"row\">\n\t\t\t\t\t\t<figure class=\"col-xs-12 col-sm-6\">\n\t\t\t\t\t\t\t<img loading=\"lazy\" decoding=\"async\" width=\"300\" height=\"225\" src=\"https:\/\/www.fabmatics.com\/files\/2019\/07\/RFID-reader-HF-1356-CAN-300x225.png\" class=\"attachment-medium size-medium\" alt=\"RFID Reader HF-1356-CAN\" title=\"RFID Reader HF-1356-CAN\" srcset=\"https:\/\/www.fabmatics.com\/files\/2019\/07\/RFID-reader-HF-1356-CAN-300x225.png 300w, https:\/\/www.fabmatics.com\/files\/2019\/07\/RFID-reader-HF-1356-CAN-768x576.png 768w, https:\/\/www.fabmatics.com\/files\/2019\/07\/RFID-reader-HF-1356-CAN.png 1024w\" sizes=\"auto, (max-width: 300px) 100vw, 300px\" \/>\t\t\t\t\t\t<\/figure>\n\t\t\t\t\t\t<div class=\"col-xs-12 col-sm-6\">\n\t\t\t\t\t\t\t<h4>RFID Reader HF-1356-CAN<\/h4>\n\t\t\t\t\t\t\t<p>Der HF-Experte zum Auslesen gro\u00dfer Datenmengen bei hoher Geschwindigkeit<\/p>\n\t\t\t\t\t\t\t<p><a href=\"https:\/\/www.fabmatics.com\/de\/produkte\/identification\/rfid\/hf-1356-can\/\" title=\"RFID Reader HF-1356-CAN: Erfahren Sie mehr\">Erfahren Sie mehr<\/a><\/p>\n\t\t\t\t\t\t<\/div>\n\t\t\t\t\t<\/div>\n\t\t\t\t<\/article>\n\t\t\n\t\n\t\t\t\t\n\t\t\t\t<article class=\"col-xs-12 col-sm-6 clearfix\" data-href=\"https:\/\/www.fabmatics.com\/de\/produkte\/identification\/rfid\/can2web\/\">\n\t\t\t\t\t<div class=\"row\">\n\t\t\t\t\t\t<figure class=\"col-xs-12 col-sm-6\">\n\t\t\t\t\t\t\t<img loading=\"lazy\" decoding=\"async\" width=\"300\" height=\"225\" src=\"https:\/\/www.fabmatics.com\/files\/2019\/07\/RFID-gateway-CAN2WEB-A-300x225.png\" class=\"attachment-medium size-medium\" alt=\"RFID CAN\/ETH Gatewa\u00fd in drei Ausf\u00fchrungen\" title=\"RFID Gateway CAN2WEB Advanced\" srcset=\"https:\/\/www.fabmatics.com\/files\/2019\/07\/RFID-gateway-CAN2WEB-A-300x225.png 300w, https:\/\/www.fabmatics.com\/files\/2019\/07\/RFID-gateway-CAN2WEB-A-768x576.png 768w, https:\/\/www.fabmatics.com\/files\/2019\/07\/RFID-gateway-CAN2WEB-A.png 1024w\" sizes=\"auto, (max-width: 300px) 100vw, 300px\" \/>\t\t\t\t\t\t<\/figure>\n\t\t\t\t\t\t<div class=\"col-xs-12 col-sm-6\">\n\t\t\t\t\t\t\t<h4>RFID Gateway CAN2WEB<\/h4>\n\t\t\t\t\t\t\t<p>Die zuverl\u00e4ssige Verbindung zwischen den CAN-Bus Ger\u00e4ten und Ihrem Netzwerk<\/p>\n\t\t\t\t\t\t\t<p><a href=\"https:\/\/www.fabmatics.com\/de\/produkte\/identification\/rfid\/can2web\/\" title=\"RFID Gateway CAN2WEB: Erfahren Sie mehr\">Erfahren Sie mehr<\/a><\/p>\n\t\t\t\t\t\t<\/div>\n\t\t\t\t\t<\/div>\n\t\t\t\t<\/article>\n\t\t\n\t\n\t\t\t\t\n\t\t\t\t<article class=\"col-xs-12 col-sm-6 clearfix\" data-href=\"https:\/\/www.fabmatics.com\/de\/produkte\/identification\/rfid\/zubehoer-antennen-displays-kabel\/\">\n\t\t\t\t\t<div class=\"row\">\n\t\t\t\t\t\t<figure class=\"col-xs-12 col-sm-6\">\n\t\t\t\t\t\t\t<img loading=\"lazy\" decoding=\"async\" width=\"300\" height=\"225\" src=\"https:\/\/www.fabmatics.com\/files\/2019\/07\/RFID-accessories-antennas-300x225.png\" class=\"attachment-medium size-medium\" alt=\"Drei RFID Antennen f\u00fcr die automatische Produktidentifikation im Reinraum.\" title=\"RFID Antennen\" srcset=\"https:\/\/www.fabmatics.com\/files\/2019\/07\/RFID-accessories-antennas-300x225.png 300w, https:\/\/www.fabmatics.com\/files\/2019\/07\/RFID-accessories-antennas-768x576.png 768w, https:\/\/www.fabmatics.com\/files\/2019\/07\/RFID-accessories-antennas.png 1024w\" sizes=\"auto, (max-width: 300px) 100vw, 300px\" \/>\t\t\t\t\t\t<\/figure>\n\t\t\t\t\t\t<div class=\"col-xs-12 col-sm-6\">\n\t\t\t\t\t\t\t<h4>RFID-Zubeh\u00f6r<\/h4>\n\t\t\t\t\t\t\t<p>Komponenten zur Erweiterung und Modernisierung Ihres bestehenden RFID-Systems<\/p>\n\t\t\t\t\t\t\t<p><a href=\"https:\/\/www.fabmatics.com\/de\/produkte\/identification\/rfid\/zubehoer-antennen-displays-kabel\/\" title=\"RFID-Zubeh\u00f6r: Erfahren Sie mehr\">Erfahren Sie mehr<\/a><\/p>\n\t\t\t\t\t\t<\/div>\n\t\t\t\t\t<\/div>\n\t\t\t\t<\/article>\n\t\t\n\t\n\t\t\t\t\n\t\t\t\t<article class=\"col-xs-12 col-sm-6 clearfix\" data-href=\"https:\/\/www.fabmatics.com\/de\/produkte\/identification\/rfid\/lesestation\/\">\n\t\t\t\t\t<div class=\"row\">\n\t\t\t\t\t\t<figure class=\"col-xs-12 col-sm-6\">\n\t\t\t\t\t\t\t<img loading=\"lazy\" decoding=\"async\" width=\"300\" height=\"225\" src=\"https:\/\/www.fabmatics.com\/files\/2016\/10\/ortner-Reader_Station_large-300x225.jpg\" class=\"attachment-medium size-medium\" alt=\"Lesestation\" title=\"Lesestation\" srcset=\"https:\/\/www.fabmatics.com\/files\/2016\/10\/ortner-Reader_Station_large-300x225.jpg 300w, https:\/\/www.fabmatics.com\/files\/2016\/10\/ortner-Reader_Station_large.jpg 640w\" sizes=\"auto, (max-width: 300px) 100vw, 300px\" \/>\t\t\t\t\t\t<\/figure>\n\t\t\t\t\t\t<div class=\"col-xs-12 col-sm-6\">\n\t\t\t\t\t\t\t<h4>RFID-Lesestation<\/h4>\n\t\t\t\t\t\t\t<p>\u00dcber CAN-Bus vernetzbar zur zentralen Auswertung und \u00dcberwachung<\/p>\n\t\t\t\t\t\t\t<p><a href=\"https:\/\/www.fabmatics.com\/de\/produkte\/identification\/rfid\/lesestation\/\" title=\"RFID-Lesestation: Erfahren Sie mehr\">Erfahren Sie mehr<\/a><\/p>\n\t\t\t\t\t\t<\/div>\n\t\t\t\t\t<\/div>\n\t\t\t\t<\/article>\n\t\t\n\t\n\t\t\t\t\n\t\t\t\t<article class=\"col-xs-12 col-sm-6 clearfix\" data-href=\"https:\/\/www.fabmatics.com\/de\/produkte\/identification\/rfid\/applikationen\/\">\n\t\t\t\t\t<div class=\"row\">\n\t\t\t\t\t\t<figure class=\"col-xs-12 col-sm-6\">\n\t\t\t\t\t\t\t<img loading=\"lazy\" decoding=\"async\" width=\"300\" height=\"225\" src=\"https:\/\/www.fabmatics.com\/files\/2019\/03\/lagerung-wafer-carrier-box_web-1-300x225.jpg\" class=\"attachment-medium size-medium\" alt=\"Lagerung Wafer-Carrier-Box\" title=\"Lagerung Wafer-Carrier-Box\" srcset=\"https:\/\/www.fabmatics.com\/files\/2019\/03\/lagerung-wafer-carrier-box_web-1-300x225.jpg 300w, https:\/\/www.fabmatics.com\/files\/2019\/03\/lagerung-wafer-carrier-box_web-1.jpg 320w\" sizes=\"auto, (max-width: 300px) 100vw, 300px\" \/>\t\t\t\t\t\t<\/figure>\n\t\t\t\t\t\t<div class=\"col-xs-12 col-sm-6\">\n\t\t\t\t\t\t\t<h4>RFID-Applikationen<\/h4>\n\t\t\t\t\t\t\t<p>Unsere Anwendungsl\u00f6sungen f\u00fcr einen Effizienz steigernden Einsatz von RFID<\/p>\n\t\t\t\t\t\t\t<p><a href=\"https:\/\/www.fabmatics.com\/de\/produkte\/identification\/rfid\/applikationen\/\" title=\"RFID-Applikationen: Erfahren Sie mehr\">Erfahren Sie mehr<\/a><\/p>\n\t\t\t\t\t\t<\/div>\n\t\t\t\t\t<\/div>\n\t\t\t\t<\/article>\n\t\t\n\t\n\t\t\t\t\n\t\t\t\t<article class=\"col-xs-12 col-sm-6 clearfix\" data-href=\"https:\/\/www.fabmatics.com\/de\/produkte\/identification\/rfid\/nachruestung\/\">\n\t\t\t\t\t<div class=\"row\">\n\t\t\t\t\t\t<figure class=\"col-xs-12 col-sm-6\">\n\t\t\t\t\t\t\t<img loading=\"lazy\" decoding=\"async\" width=\"300\" height=\"225\" src=\"https:\/\/www.fabmatics.com\/files\/2016\/10\/Wafercarrier_und_RFID-Tag_neu-300x225.jpg\" class=\"attachment-medium size-medium\" alt=\"RFID-Nachr\u00fcstung\" title=\"RFID-Nachr\u00fcstung - Taganbringung mittels Ultraschallschwei\u00dfen\" srcset=\"https:\/\/www.fabmatics.com\/files\/2016\/10\/Wafercarrier_und_RFID-Tag_neu-300x225.jpg 300w, https:\/\/www.fabmatics.com\/files\/2016\/10\/Wafercarrier_und_RFID-Tag_neu.jpg 320w\" sizes=\"auto, (max-width: 300px) 100vw, 300px\" \/>\t\t\t\t\t\t<\/figure>\n\t\t\t\t\t\t<div class=\"col-xs-12 col-sm-6\">\n\t\t\t\t\t\t\t<h4>RFID-Nachr\u00fcstung<\/h4>\n\t\t\t\t\t\t\t<p>Unsere L\u00f6sung zur Nachr\u00fcstung von RFID f\u00fcr \u00e4ltere Halbleiterfabriken<\/p>\n\t\t\t\t\t\t\t<p><a href=\"https:\/\/www.fabmatics.com\/de\/produkte\/identification\/rfid\/nachruestung\/\" title=\"RFID-Nachr\u00fcstung: Erfahren Sie mehr\">Erfahren Sie mehr<\/a><\/p>\n\t\t\t\t\t\t<\/div>\n\t\t\t\t\t<\/div>\n\t\t\t\t<\/article>\n\t\t\n\t\n\t\t\t\t\t\n\t\t<\/div>\n\t\t\u00a0\n\t\t\n\n<\/div>\n","protected":false},"excerpt":{"rendered":"<p>&Uuml;berblick Identifikationssystem<\/p>\n","protected":false},"author":1,"featured_media":5900,"parent":30,"menu_order":400,"comment_status":"closed","ping_status":"closed","template":"page-full-width.php","meta":{"footnotes":""},"class_list":["post-60","page","type-page","status-publish","has-post-thumbnail","hentry"],"_links":{"self":[{"href":"https:\/\/www.fabmatics.com\/de\/wp-json\/wp\/v2\/pages\/60","targetHints":{"allow":["GET"]}}],"collection":[{"href":"https:\/\/www.fabmatics.com\/de\/wp-json\/wp\/v2\/pages"}],"about":[{"href":"https:\/\/www.fabmatics.com\/de\/wp-json\/wp\/v2\/types\/page"}],"author":[{"embeddable":true,"href":"https:\/\/www.fabmatics.com\/de\/wp-json\/wp\/v2\/users\/1"}],"replies":[{"embeddable":true,"href":"https:\/\/www.fabmatics.com\/de\/wp-json\/wp\/v2\/comments?post=60"}],"version-history":[{"count":11,"href":"https:\/\/www.fabmatics.com\/de\/wp-json\/wp\/v2\/pages\/60\/revisions"}],"predecessor-version":[{"id":5877,"href":"https:\/\/www.fabmatics.com\/de\/wp-json\/wp\/v2\/pages\/60\/revisions\/5877"}],"up":[{"embeddable":true,"href":"https:\/\/www.fabmatics.com\/de\/wp-json\/wp\/v2\/pages\/30"}],"wp:featuredmedia":[{"embeddable":true,"href":"https:\/\/www.fabmatics.com\/de\/wp-json\/wp\/v2\/media\/5900"}],"wp:attachment":[{"href":"https:\/\/www.fabmatics.com\/de\/wp-json\/wp\/v2\/media?parent=60"}],"curies":[{"name":"wp","href":"https:\/\/api.w.org\/{rel}","templated":true}]}}