{"id":58,"date":"2016-10-03T13:38:47","date_gmt":"2016-10-03T11:38:47","guid":{"rendered":"http:\/\/www.fabmatics.com\/de\/products\/transport\/"},"modified":"2025-08-26T14:29:26","modified_gmt":"2025-08-26T12:29:26","slug":"transport","status":"publish","type":"page","link":"https:\/\/www.fabmatics.com\/de\/produkte\/transport\/","title":{"rendered":"Transport"},"content":{"rendered":"<h2>&Uuml;berblick Transportsysteme<\/h2>\n<div class=\"list-content-container clearfix type-page layout-productcatoverview row \">\t\n\t<div class=\"quicklinks clearfix\">\n\t\t<ol>\n\t\t\t\t\t\t\t<li class=\"col-xs-12 col-sm-6 col-md-4\"><a class=\"scrollToAnchor\" href=\"#category-fahrerlose-transportsysteme-agv\">Fahrerlose Transportsysteme (AGV)<\/a><\/li>\n\t\t\t\t\t\t\t<li class=\"col-xs-12 col-sm-6 col-md-4\"><a class=\"scrollToAnchor\" href=\"#category-rgv\">Schienengebundene Transportsysteme (RGV)<\/a><\/li>\n\t\t\t\t\t\t\t<li class=\"col-xs-12 col-sm-6 col-md-4\"><a class=\"scrollToAnchor\" href=\"#category-pgv\">Manuelle Transportsysteme (PGV)<\/a><\/li>\n\t\t\t\t\t\t\t<li class=\"col-xs-12 col-sm-6 col-md-4\"><a class=\"scrollToAnchor\" href=\"#category-conveyor-rollenfoerderer\">Conveyor<\/a><\/li>\n\t\t\t\t\t\t\t<li class=\"col-xs-12 col-sm-6 col-md-4\"><a class=\"scrollToAnchor\" href=\"#category-loadports\">Loadports<\/a><\/li>\n\t\t\t\t\t<\/ol>\n\t<\/div>\n\t\n<!-- template_part page - page -->\t\n\t\t\n\t\t<h3 id=\"category-fahrerlose-transportsysteme-agv\">Fahrerlose Transportsysteme (AGV)<\/h3>\n\t\t<div class=\"product-row clearfix\">\n\n\t\t\t\t\n\t\t\t\t<article class=\"col-xs-12 col-sm-6 clearfix\" data-href=\"https:\/\/www.fabmatics.com\/de\/produkte\/transport\/fahrerlose-transportsysteme-agv\/herofab-agv\/\">\n\t\t\t\t\t<div class=\"row\">\n\t\t\t\t\t\t<figure class=\"col-xs-12 col-sm-6\">\n\t\t\t\t\t\t\t<img loading=\"lazy\" decoding=\"async\" width=\"163\" height=\"300\" src=\"https:\/\/www.fabmatics.com\/files\/2024\/06\/hero-fab-200-open-cassette_freigestellt-163x300.png\" class=\"attachment-medium size-medium\" alt=\"HERO Fab 200 Open Cassette_freigestellt\" title=\"HERO Fab 200 Open Cassette_freigestellt\" srcset=\"https:\/\/www.fabmatics.com\/files\/2024\/06\/hero-fab-200-open-cassette_freigestellt-163x300.png 163w, https:\/\/www.fabmatics.com\/files\/2024\/06\/hero-fab-200-open-cassette_freigestellt-557x1024.png 557w, https:\/\/www.fabmatics.com\/files\/2024\/06\/hero-fab-200-open-cassette_freigestellt-768x1412.png 768w, https:\/\/www.fabmatics.com\/files\/2024\/06\/hero-fab-200-open-cassette_freigestellt-835x1536.png 835w, https:\/\/www.fabmatics.com\/files\/2024\/06\/hero-fab-200-open-cassette_freigestellt-1114x2048.png 1114w\" sizes=\"auto, (max-width: 163px) 100vw, 163px\" \/>\t\t\t\t\t\t<\/figure>\n\t\t\t\t\t\t<div class=\"col-xs-12 col-sm-6\">\n\t\t\t\t\t\t\t<h4>HERO Fab<\/h4>\n\t\t\t\t\t\t\t<p>Freifahrendes Robotersystem zum Transport und Handling von Waferkassetten<\/p>\n\t\t\t\t\t\t\t<p><a href=\"https:\/\/www.fabmatics.com\/de\/produkte\/transport\/fahrerlose-transportsysteme-agv\/herofab-agv\/\" title=\"HERO Fab: Erfahren Sie mehr\">Erfahren Sie mehr<\/a><\/p>\n\t\t\t\t\t\t<\/div>\n\t\t\t\t\t<\/div>\n\t\t\t\t<\/article>\n\t\t\n\t\n\t\t\t\t\n\t\t\t\t<article class=\"col-xs-12 col-sm-6 clearfix\" data-href=\"https:\/\/www.fabmatics.com\/de\/produkte\/transport\/fahrerlose-transportsysteme-agv\/hero-scout\/\">\n\t\t\t\t\t<div class=\"row\">\n\t\t\t\t\t\t<figure class=\"col-xs-12 col-sm-6\">\n\t\t\t\t\t\t\t<img loading=\"lazy\" decoding=\"async\" width=\"200\" height=\"300\" src=\"https:\/\/www.fabmatics.com\/files\/2024\/06\/mobile-robot-hero-scout-reticle-handling-fabmatics-200x300.png\" class=\"attachment-medium size-medium\" alt=\"Mobiler Roboter f\u00fcr den Transport und das Handling von Reticle Pods\" title=\"Mobiler Roboter HERO Scout\" srcset=\"https:\/\/www.fabmatics.com\/files\/2024\/06\/mobile-robot-hero-scout-reticle-handling-fabmatics-200x300.png 200w, https:\/\/www.fabmatics.com\/files\/2024\/06\/mobile-robot-hero-scout-reticle-handling-fabmatics.png 683w\" sizes=\"auto, (max-width: 200px) 100vw, 200px\" \/>\t\t\t\t\t\t<\/figure>\n\t\t\t\t\t\t<div class=\"col-xs-12 col-sm-6\">\n\t\t\t\t\t\t\t<h4>HERO Scout<\/h4>\n\t\t\t\t\t\t\t<p>Mobiler Roboter zum flexiblen und sicheren Transport und Handling von Reticle Pods<\/p>\n\t\t\t\t\t\t\t<p><a href=\"https:\/\/www.fabmatics.com\/de\/produkte\/transport\/fahrerlose-transportsysteme-agv\/hero-scout\/\" title=\"HERO Scout: Erfahren Sie mehr\">Erfahren Sie mehr<\/a><\/p>\n\t\t\t\t\t\t<\/div>\n\t\t\t\t\t<\/div>\n\t\t\t\t<\/article>\n\t\t\n\t\n\t\t\t\t\t\n\t\t<\/div>\n\t\t\u00a0\n\t\t\n<!-- template_part page - page -->\t\n\t\t\n\t\t<h3 id=\"category-rgv\">Schienengebundene Transportsysteme (RGV)<\/h3>\n\t\t<div class=\"product-row clearfix\">\n\n\t\t\t\t\n\t\t\t\t<article class=\"col-xs-12 col-sm-6 clearfix\" data-href=\"https:\/\/www.fabmatics.com\/de\/produkte\/transport\/rgv\/hero-rail\/\">\n\t\t\t\t\t<div class=\"row\">\n\t\t\t\t\t\t<figure class=\"col-xs-12 col-sm-6\">\n\t\t\t\t\t\t\t<img loading=\"lazy\" decoding=\"async\" width=\"225\" height=\"300\" src=\"https:\/\/www.fabmatics.com\/files\/2024\/07\/hero-rail-rgv-cleanroom-fabmatics-225x300.png\" class=\"attachment-medium size-medium\" alt=\"hero-rail-rgv-cleanroom-fabmatics\" title=\"hero-rail-rgv-cleanroom-fabmatics\" srcset=\"https:\/\/www.fabmatics.com\/files\/2024\/07\/hero-rail-rgv-cleanroom-fabmatics-225x300.png 225w, https:\/\/www.fabmatics.com\/files\/2024\/07\/hero-rail-rgv-cleanroom-fabmatics-768x1023.png 768w, https:\/\/www.fabmatics.com\/files\/2024\/07\/hero-rail-rgv-cleanroom-fabmatics.png 860w\" sizes=\"auto, (max-width: 225px) 100vw, 225px\" \/>\t\t\t\t\t\t<\/figure>\n\t\t\t\t\t\t<div class=\"col-xs-12 col-sm-6\">\n\t\t\t\t\t\t\t<h4>HERO Rail<\/h4>\n\t\t\t\t\t\t\t<p>Schienengebundenes Robotersystem zum Transport und Handling von Waferkassetten<\/p>\n\t\t\t\t\t\t\t<p><a href=\"https:\/\/www.fabmatics.com\/de\/produkte\/transport\/rgv\/hero-rail\/\" title=\"HERO Rail: Erfahren Sie mehr\">Erfahren Sie mehr<\/a><\/p>\n\t\t\t\t\t\t<\/div>\n\t\t\t\t\t<\/div>\n\t\t\t\t<\/article>\n\t\t\n\t\n\t\t\t\t\t\n\t\t<\/div>\n\t\t\u00a0\n\t\t\n<!-- template_part page - page -->\t\n\t\t\n\t\t<h3 id=\"category-pgv\">Manuelle Transportsysteme (PGV)<\/h3>\n\t\t<div class=\"product-row clearfix\">\n\n\t\t\t\t\n\t\t\t\t<article class=\"col-xs-12 col-sm-6 clearfix\" data-href=\"https:\/\/www.fabmatics.com\/de\/produkte\/transport\/pgv\/rfid-trolley\/\">\n\t\t\t\t\t<div class=\"row\">\n\t\t\t\t\t\t<figure class=\"col-xs-12 col-sm-6\">\n\t\t\t\t\t\t\t<img loading=\"lazy\" decoding=\"async\" width=\"223\" height=\"300\" src=\"https:\/\/www.fabmatics.com\/files\/2016\/10\/rfid-pgv-ohne-boxen-1-223x300.jpg\" class=\"attachment-medium size-medium\" alt=\"RFID Person Guided Vehicle\" title=\"RFID Person Guided Vehicle\" srcset=\"https:\/\/www.fabmatics.com\/files\/2016\/10\/rfid-pgv-ohne-boxen-1-223x300.jpg 223w, https:\/\/www.fabmatics.com\/files\/2016\/10\/rfid-pgv-ohne-boxen-1-768x1034.jpg 768w, https:\/\/www.fabmatics.com\/files\/2016\/10\/rfid-pgv-ohne-boxen-1-761x1024.jpg 761w, https:\/\/www.fabmatics.com\/files\/2016\/10\/rfid-pgv-ohne-boxen-1.jpg 1579w\" sizes=\"auto, (max-width: 223px) 100vw, 223px\" \/>\t\t\t\t\t\t<\/figure>\n\t\t\t\t\t\t<div class=\"col-xs-12 col-sm-6\">\n\t\t\t\t\t\t\t<h4>RFID-Trolley<\/h4>\n\t\t\t\t\t\t\t<p>Optimale L\u00f6sung f\u00fcr Bereiche, in denen ein automatischer Transport nicht m\u00f6glich ist<\/p>\n\t\t\t\t\t\t\t<p><a href=\"https:\/\/www.fabmatics.com\/de\/produkte\/transport\/pgv\/rfid-trolley\/\" title=\"RFID-Trolley: Erfahren Sie mehr\">Erfahren Sie mehr<\/a><\/p>\n\t\t\t\t\t\t<\/div>\n\t\t\t\t\t<\/div>\n\t\t\t\t<\/article>\n\t\t\n\t\n\t\t\t\t\t\n\t\t<\/div>\n\t\t\u00a0\n\t\t\n<!-- template_part page - page -->\t\n\t\t\n\t\t<h3 id=\"category-conveyor-rollenfoerderer\">Conveyor<\/h3>\n\t\t<div class=\"product-row clearfix\">\n\n\t\t\t\t\n\t\t\t\t<article class=\"col-xs-12 col-sm-6 clearfix\" data-href=\"https:\/\/www.fabmatics.com\/de\/produkte\/transport\/conveyor-rollenfoerderer\/box-opener-box-opening-transfer-unit\/\">\n\t\t\t\t\t<div class=\"row\">\n\t\t\t\t\t\t<figure class=\"col-xs-12 col-sm-6\">\n\t\t\t\t\t\t\t<img loading=\"lazy\" decoding=\"async\" width=\"300\" height=\"200\" src=\"https:\/\/www.fabmatics.com\/files\/2026\/03\/box-opening-transfer-unit-box-opener-ha200-conveyor-200mm-semiconductor-01-300x200.jpg\" class=\"attachment-medium size-medium\" alt=\"Automatisierte Box Opening Transfer Unit zum \u00d6ffnen von HA200 Boxen im Conveyor f\u00fcr 200 mm Halbleiterfabriken\" title=\"box-opening-transfer-unit-box-opener-ha200-conveyor-200mm-fabmatics-01\" srcset=\"https:\/\/www.fabmatics.com\/files\/2026\/03\/box-opening-transfer-unit-box-opener-ha200-conveyor-200mm-semiconductor-01-300x200.jpg 300w, https:\/\/www.fabmatics.com\/files\/2026\/03\/box-opening-transfer-unit-box-opener-ha200-conveyor-200mm-semiconductor-01-1024x682.jpg 1024w, https:\/\/www.fabmatics.com\/files\/2026\/03\/box-opening-transfer-unit-box-opener-ha200-conveyor-200mm-semiconductor-01-768x512.jpg 768w, https:\/\/www.fabmatics.com\/files\/2026\/03\/box-opening-transfer-unit-box-opener-ha200-conveyor-200mm-semiconductor-01.jpg 1402w\" sizes=\"auto, (max-width: 300px) 100vw, 300px\" \/>\t\t\t\t\t\t<\/figure>\n\t\t\t\t\t\t<div class=\"col-xs-12 col-sm-6\">\n\t\t\t\t\t\t\t<h4>Box Opening Transfer Unit<\/h4>\n\t\t\t\t\t\t\t<p>Die Box Opening Transfer Unit \u00f6ffnet HA200-Boxen direkt innerhalb des Transportsystems.<\/p>\n\t\t\t\t\t\t\t<p><a href=\"https:\/\/www.fabmatics.com\/de\/produkte\/transport\/conveyor-rollenfoerderer\/box-opener-box-opening-transfer-unit\/\" title=\"Box Opening Transfer Unit: Erfahren Sie mehr\">Erfahren Sie mehr<\/a><\/p>\n\t\t\t\t\t\t<\/div>\n\t\t\t\t\t<\/div>\n\t\t\t\t<\/article>\n\t\t\n\t\n\t\t\t\t\n\t\t\t\t<article class=\"col-xs-12 col-sm-6 clearfix\" data-href=\"https:\/\/www.fabmatics.com\/de\/produkte\/transport\/conveyor-rollenfoerderer\/transportsystem\/\">\n\t\t\t\t\t<div class=\"row\">\n\t\t\t\t\t\t<figure class=\"col-xs-12 col-sm-6\">\n\t\t\t\t\t\t\t<img loading=\"lazy\" decoding=\"async\" width=\"300\" height=\"221\" src=\"https:\/\/www.fabmatics.com\/files\/2019\/08\/roller-conveyor-with-turntables-and-lifts-for-wafer-transport-300x221.jpg\" class=\"attachment-medium size-medium\" alt=\"Rollenf\u00f6rderer mit Dreh- und Liftelementen f\u00fcr den Wafertransport auf zwei Ebenen\" title=\"Rollenf\u00f6rderer mit Dreh- und Liftelementen f\u00fcr den Wafertransport\" srcset=\"https:\/\/www.fabmatics.com\/files\/2019\/08\/roller-conveyor-with-turntables-and-lifts-for-wafer-transport-300x221.jpg 300w, https:\/\/www.fabmatics.com\/files\/2019\/08\/roller-conveyor-with-turntables-and-lifts-for-wafer-transport-768x565.jpg 768w, https:\/\/www.fabmatics.com\/files\/2019\/08\/roller-conveyor-with-turntables-and-lifts-for-wafer-transport.jpg 1024w\" sizes=\"auto, (max-width: 300px) 100vw, 300px\" \/>\t\t\t\t\t\t<\/figure>\n\t\t\t\t\t\t<div class=\"col-xs-12 col-sm-6\">\n\t\t\t\t\t\t\t<h4>Conveyor-Transportsystem<\/h4>\n\t\t\t\t\t\t\t<p>Automatisiertes Rollenf\u00f6rder-Transportsystem f\u00fcr Reinr\u00e4ume.<\/p>\n\t\t\t\t\t\t\t<p><a href=\"https:\/\/www.fabmatics.com\/de\/produkte\/transport\/conveyor-rollenfoerderer\/transportsystem\/\" title=\"Conveyor-Transportsystem: Erfahren Sie mehr\">Erfahren Sie mehr<\/a><\/p>\n\t\t\t\t\t\t<\/div>\n\t\t\t\t\t<\/div>\n\t\t\t\t<\/article>\n\t\t\n\t\n\t\t\t\t\t\n\t\t<\/div>\n\t\t\u00a0\n\t\t\n<!-- template_part page - page -->\t\n\t\t\n\t\t<h3 id=\"category-loadports\">Loadports<\/h3>\n\t\t<div class=\"product-row clearfix\">\n\n\t\t\t\t\n\t\t\t\t<article class=\"col-xs-12 col-sm-6 clearfix\" data-href=\"https:\/\/www.fabmatics.com\/de\/produkte\/transport\/loadports\/smart-load-port\/\">\n\t\t\t\t\t<div class=\"row\">\n\t\t\t\t\t\t<figure class=\"col-xs-12 col-sm-6\">\n\t\t\t\t\t\t\t<img loading=\"lazy\" decoding=\"async\" width=\"225\" height=\"300\" src=\"https:\/\/www.fabmatics.com\/files\/2016\/10\/smart-load-port-rfid-based-for-foups-1-225x300.jpg\" class=\"attachment-medium size-medium\" alt=\"Smart Load Port\" title=\"Smart Load Port\" srcset=\"https:\/\/www.fabmatics.com\/files\/2016\/10\/smart-load-port-rfid-based-for-foups-1-225x300.jpg 225w, https:\/\/www.fabmatics.com\/files\/2016\/10\/smart-load-port-rfid-based-for-foups-1-767x1024.jpg 767w, https:\/\/www.fabmatics.com\/files\/2016\/10\/smart-load-port-rfid-based-for-foups-1-768x1025.jpg 768w, https:\/\/www.fabmatics.com\/files\/2016\/10\/smart-load-port-rfid-based-for-foups-1-1151x1536.jpg 1151w, https:\/\/www.fabmatics.com\/files\/2016\/10\/smart-load-port-rfid-based-for-foups-1-1535x2048.jpg 1535w, https:\/\/www.fabmatics.com\/files\/2016\/10\/smart-load-port-rfid-based-for-foups-1.jpg 1593w\" sizes=\"auto, (max-width: 225px) 100vw, 225px\" \/>\t\t\t\t\t\t<\/figure>\n\t\t\t\t\t\t<div class=\"col-xs-12 col-sm-6\">\n\t\t\t\t\t\t\t<h4>Smart Load Port<\/h4>\n\t\t\t\t\t\t\t<p>Input\/Output Station mit zwei Pl\u00e4tzen und Operator GUI f\u00fcr den manuellen Zugriff<\/p>\n\t\t\t\t\t\t\t<p><a href=\"https:\/\/www.fabmatics.com\/de\/produkte\/transport\/loadports\/smart-load-port\/\" title=\"Smart Load Port: Erfahren Sie mehr\">Erfahren Sie mehr<\/a><\/p>\n\t\t\t\t\t\t<\/div>\n\t\t\t\t\t<\/div>\n\t\t\t\t<\/article>\n\t\t\n\t\n\t\t\t\t\n\t\t\t\t<article class=\"col-xs-12 col-sm-6 clearfix\" data-href=\"https:\/\/www.fabmatics.com\/de\/produkte\/transport\/loadports\/slim-load-port\/\">\n\t\t\t\t\t<div class=\"row\">\n\t\t\t\t\t\t<figure class=\"col-xs-12 col-sm-6\">\n\t\t\t\t\t\t\t<img loading=\"lazy\" decoding=\"async\" width=\"200\" height=\"300\" src=\"https:\/\/www.fabmatics.com\/files\/2025\/09\/foup-load-port-slim-fabmatics-200x300.jpg\" class=\"attachment-medium size-medium\" alt=\"Slim Load Port f\u00fcr manuellen FOUP-Zugang in der Halbleiterfertigung\" title=\"FOUP Slim Load Port\" srcset=\"https:\/\/www.fabmatics.com\/files\/2025\/09\/foup-load-port-slim-fabmatics-200x300.jpg 200w, https:\/\/www.fabmatics.com\/files\/2025\/09\/foup-load-port-slim-fabmatics-683x1024.jpg 683w, https:\/\/www.fabmatics.com\/files\/2025\/09\/foup-load-port-slim-fabmatics-768x1152.jpg 768w, https:\/\/www.fabmatics.com\/files\/2025\/09\/foup-load-port-slim-fabmatics.jpg 800w\" sizes=\"auto, (max-width: 200px) 100vw, 200px\" \/>\t\t\t\t\t\t<\/figure>\n\t\t\t\t\t\t<div class=\"col-xs-12 col-sm-6\">\n\t\t\t\t\t\t\t<h4>Slim Load Port<\/h4>\n\t\t\t\t\t\t\t<p>Input\/Output Station f\u00fcr den manuellen Zugriff an jedem beliebigen Ort der Fabrik<\/p>\n\t\t\t\t\t\t\t<p><a href=\"https:\/\/www.fabmatics.com\/de\/produkte\/transport\/loadports\/slim-load-port\/\" title=\"Slim Load Port: Erfahren Sie mehr\">Erfahren Sie mehr<\/a><\/p>\n\t\t\t\t\t\t<\/div>\n\t\t\t\t\t<\/div>\n\t\t\t\t<\/article>\n\t\t\n\t\n\t\t\t\t\t\n\t\t<\/div>\n\t\t\u00a0\n\t\t\n\n<\/div>\n","protected":false},"excerpt":{"rendered":"<p>&Uuml;berblick Transportsysteme<\/p>\n","protected":false},"author":1,"featured_media":10998,"parent":30,"menu_order":200,"comment_status":"closed","ping_status":"closed","template":"page-full-width.php","meta":{"footnotes":""},"class_list":["post-58","page","type-page","status-publish","has-post-thumbnail","hentry"],"_links":{"self":[{"href":"https:\/\/www.fabmatics.com\/de\/wp-json\/wp\/v2\/pages\/58","targetHints":{"allow":["GET"]}}],"collection":[{"href":"https:\/\/www.fabmatics.com\/de\/wp-json\/wp\/v2\/pages"}],"about":[{"href":"https:\/\/www.fabmatics.com\/de\/wp-json\/wp\/v2\/types\/page"}],"author":[{"embeddable":true,"href":"https:\/\/www.fabmatics.com\/de\/wp-json\/wp\/v2\/users\/1"}],"replies":[{"embeddable":true,"href":"https:\/\/www.fabmatics.com\/de\/wp-json\/wp\/v2\/comments?post=58"}],"version-history":[{"count":10,"href":"https:\/\/www.fabmatics.com\/de\/wp-json\/wp\/v2\/pages\/58\/revisions"}],"predecessor-version":[{"id":3454,"href":"https:\/\/www.fabmatics.com\/de\/wp-json\/wp\/v2\/pages\/58\/revisions\/3454"}],"up":[{"embeddable":true,"href":"https:\/\/www.fabmatics.com\/de\/wp-json\/wp\/v2\/pages\/30"}],"wp:featuredmedia":[{"embeddable":true,"href":"https:\/\/www.fabmatics.com\/de\/wp-json\/wp\/v2\/media\/10998"}],"wp:attachment":[{"href":"https:\/\/www.fabmatics.com\/de\/wp-json\/wp\/v2\/media?parent=58"}],"curies":[{"name":"wp","href":"https:\/\/api.w.org\/{rel}","templated":true}]}}