{"id":57,"date":"2016-10-03T13:38:47","date_gmt":"2016-10-03T11:38:47","guid":{"rendered":"http:\/\/www.fabmatics.com\/de\/products\/handling\/"},"modified":"2025-07-08T11:27:42","modified_gmt":"2025-07-08T09:27:42","slug":"handling","status":"publish","type":"page","link":"https:\/\/www.fabmatics.com\/de\/produkte\/handling\/","title":{"rendered":"Handling"},"content":{"rendered":"<h2>&Uuml;berblick Handlingsysteme<\/h2>\n<div class=\"list-content-container clearfix type-page layout-productcatoverview row \">\t\n\t<div class=\"quicklinks clearfix\">\n\t\t<ol>\n\t\t\t\t\t\t\t<li class=\"col-xs-12 col-sm-6 col-md-4\"><a class=\"scrollToAnchor\" href=\"#category-carrier\">Carrier Handling<\/a><\/li>\n\t\t\t\t\t\t\t<li class=\"col-xs-12 col-sm-6 col-md-4\"><a class=\"scrollToAnchor\" href=\"#category-wafer-handling\">Wafer Handling<\/a><\/li>\n\t\t\t\t\t\t\t<li class=\"col-xs-12 col-sm-6 col-md-4\"><a class=\"scrollToAnchor\" href=\"#category-reticle-handling\">Reticle Handling<\/a><\/li>\n\t\t\t\t\t\t\t<li class=\"col-xs-12 col-sm-6 col-md-4\"><a class=\"scrollToAnchor\" href=\"#category-mobile-roboter\">Mobile Roboter<\/a><\/li>\n\t\t\t\t\t\t\t<li class=\"col-xs-12 col-sm-6 col-md-4\"><a class=\"scrollToAnchor\" href=\"#category-handling-tools\">Handling Tools<\/a><\/li>\n\t\t\t\t\t<\/ol>\n\t<\/div>\n\t\n<!-- template_part page - page -->\t\n\t\t\n\t\t<h3 id=\"category-carrier\">Carrier Handling<\/h3>\n\t\t<div class=\"product-row clearfix\">\n\n\t\t\t\t\n\t\t\t\t<article class=\"col-xs-12 col-sm-6 clearfix\" data-href=\"https:\/\/www.fabmatics.com\/de\/produkte\/handling\/carrier\/luna\/\">\n\t\t\t\t\t<div class=\"row\">\n\t\t\t\t\t\t<figure class=\"col-xs-12 col-sm-6\">\n\t\t\t\t\t\t\t<img loading=\"lazy\" decoding=\"async\" width=\"300\" height=\"200\" src=\"https:\/\/www.fabmatics.com\/files\/2016\/10\/hap-BV-bei-Beladung-300x200.jpg\" class=\"attachment-medium size-medium\" alt=\"LUNA - Klassische Roboterzelle zur automatisierten Maschinenbe- und -entladung von Losen\" title=\"LUNA\" srcset=\"https:\/\/www.fabmatics.com\/files\/2016\/10\/hap-BV-bei-Beladung-300x200.jpg 300w, https:\/\/www.fabmatics.com\/files\/2016\/10\/hap-BV-bei-Beladung.jpg 722w\" sizes=\"auto, (max-width: 300px) 100vw, 300px\" \/>\t\t\t\t\t\t<\/figure>\n\t\t\t\t\t\t<div class=\"col-xs-12 col-sm-6\">\n\t\t\t\t\t\t\t<h4>ACH - LUNA - Roboterzelle<\/h4>\n\t\t\t\t\t\t\t<p>Klassische Roboterzelle zur automatisierten Maschinenbe- und -entladung von Losen<\/p>\n\t\t\t\t\t\t\t<p><a href=\"https:\/\/www.fabmatics.com\/de\/produkte\/handling\/carrier\/luna\/\" title=\"ACH - LUNA - Roboterzelle: Erfahren Sie mehr\">Erfahren Sie mehr<\/a><\/p>\n\t\t\t\t\t\t<\/div>\n\t\t\t\t\t<\/div>\n\t\t\t\t<\/article>\n\t\t\n\t\n\t\t\t\t\n\t\t\t\t<article class=\"col-xs-12 col-sm-6 clearfix\" data-href=\"https:\/\/www.fabmatics.com\/de\/produkte\/handling\/carrier\/greifer-endeffectoren\/\">\n\t\t\t\t\t<div class=\"row\">\n\t\t\t\t\t\t<figure class=\"col-xs-12 col-sm-6\">\n\t\t\t\t\t\t\t<img loading=\"lazy\" decoding=\"async\" width=\"300\" height=\"206\" src=\"https:\/\/www.fabmatics.com\/files\/2016\/10\/hap-Carriergreifer200-300x206.jpg\" class=\"attachment-medium size-medium\" alt=\"Carriergreifer200\" title=\"Carriergreifer200\" srcset=\"https:\/\/www.fabmatics.com\/files\/2016\/10\/hap-Carriergreifer200-300x206.jpg 300w, https:\/\/www.fabmatics.com\/files\/2016\/10\/hap-Carriergreifer200-768x529.jpg 768w, https:\/\/www.fabmatics.com\/files\/2016\/10\/hap-Carriergreifer200-1024x705.jpg 1024w, https:\/\/www.fabmatics.com\/files\/2016\/10\/hap-Carriergreifer200.jpg 1270w\" sizes=\"auto, (max-width: 300px) 100vw, 300px\" \/>\t\t\t\t\t\t<\/figure>\n\t\t\t\t\t\t<div class=\"col-xs-12 col-sm-6\">\n\t\t\t\t\t\t\t<h4>Carriergreifer<\/h4>\n\t\t\t\t\t\t\t<p>Carrier Handling an bestehenden Anlagen mit besonderen Einsatzbedingungen<\/p>\n\t\t\t\t\t\t\t<p><a href=\"https:\/\/www.fabmatics.com\/de\/produkte\/handling\/carrier\/greifer-endeffectoren\/\" title=\"Carriergreifer: Erfahren Sie mehr\">Erfahren Sie mehr<\/a><\/p>\n\t\t\t\t\t\t<\/div>\n\t\t\t\t\t<\/div>\n\t\t\t\t<\/article>\n\t\t\n\t\n\t\t\t\t\t\n\t\t<\/div>\n\t\t\u00a0\n\t\t\n<!-- template_part page - page -->\t\n\t\t\n\t\t<h3 id=\"category-wafer-handling\">Wafer Handling<\/h3>\n\t\t<div class=\"product-row clearfix\">\n\n\t\t\t\t\n\t\t\t\t<article class=\"col-xs-12 col-sm-6 clearfix\" data-href=\"https:\/\/www.fabmatics.com\/de\/produkte\/handling\/wafer-handling\/test-wafer-center\/\">\n\t\t\t\t\t<div class=\"row\">\n\t\t\t\t\t\t<figure class=\"col-xs-12 col-sm-6\">\n\t\t\t\t\t\t\t<img loading=\"lazy\" decoding=\"async\" width=\"249\" height=\"300\" src=\"https:\/\/www.fabmatics.com\/files\/2023\/04\/test-wafer-center-fabmatics-249x300.jpg\" class=\"attachment-medium size-medium\" alt=\"Test Wafer Center im Reinraum\" title=\"test-wafer-center-fabmatics\" srcset=\"https:\/\/www.fabmatics.com\/files\/2023\/04\/test-wafer-center-fabmatics-249x300.jpg 249w, https:\/\/www.fabmatics.com\/files\/2023\/04\/test-wafer-center-fabmatics-851x1024.jpg 851w, https:\/\/www.fabmatics.com\/files\/2023\/04\/test-wafer-center-fabmatics-768x924.jpg 768w, https:\/\/www.fabmatics.com\/files\/2023\/04\/test-wafer-center-fabmatics.jpg 997w\" sizes=\"auto, (max-width: 249px) 100vw, 249px\" \/>\t\t\t\t\t\t<\/figure>\n\t\t\t\t\t\t<div class=\"col-xs-12 col-sm-6\">\n\t\t\t\t\t\t\t<h4>Test Wafer Center<\/h4>\n\t\t\t\t\t\t\t<p>Komplettl\u00f6sung f\u00fcr das automatisierte Testwafer-Management<\/p>\n\t\t\t\t\t\t\t<p><a href=\"https:\/\/www.fabmatics.com\/de\/produkte\/handling\/wafer-handling\/test-wafer-center\/\" title=\"Test Wafer Center: Erfahren Sie mehr\">Erfahren Sie mehr<\/a><\/p>\n\t\t\t\t\t\t<\/div>\n\t\t\t\t\t<\/div>\n\t\t\t\t<\/article>\n\t\t\n\t\n\t\t\t\t\n\t\t\t\t<article class=\"col-xs-12 col-sm-6 clearfix\" data-href=\"https:\/\/www.fabmatics.com\/de\/produkte\/handling\/wafer-handling\/wafer-greifer\/\">\n\t\t\t\t\t<div class=\"row\">\n\t\t\t\t\t\t<figure class=\"col-xs-12 col-sm-6\">\n\t\t\t\t\t\t\t<img loading=\"lazy\" decoding=\"async\" width=\"300\" height=\"207\" src=\"https:\/\/www.fabmatics.com\/files\/2016\/10\/hap-450mmWafergreifer-300x207.jpg\" class=\"attachment-medium size-medium\" alt=\"Wafergreifer 450mm\" title=\"Wafergreifer 450mm\" srcset=\"https:\/\/www.fabmatics.com\/files\/2016\/10\/hap-450mmWafergreifer-300x207.jpg 300w, https:\/\/www.fabmatics.com\/files\/2016\/10\/hap-450mmWafergreifer-768x529.jpg 768w, https:\/\/www.fabmatics.com\/files\/2016\/10\/hap-450mmWafergreifer.jpg 981w\" sizes=\"auto, (max-width: 300px) 100vw, 300px\" \/>\t\t\t\t\t\t<\/figure>\n\t\t\t\t\t\t<div class=\"col-xs-12 col-sm-6\">\n\t\t\t\t\t\t\t<h4>Wafergreifer, 100 bis 450 mm<\/h4>\n\t\t\t\t\t\t\t<p>Greifarm zur Handhabung einzelner Wafer in verschiedenen Gr\u00f6\u00dfen<\/p>\n\t\t\t\t\t\t\t<p><a href=\"https:\/\/www.fabmatics.com\/de\/produkte\/handling\/wafer-handling\/wafer-greifer\/\" title=\"Wafergreifer, 100 bis 450 mm: Erfahren Sie mehr\">Erfahren Sie mehr<\/a><\/p>\n\t\t\t\t\t\t<\/div>\n\t\t\t\t\t<\/div>\n\t\t\t\t<\/article>\n\t\t\n\t\n\t\t\t\t\t\n\t\t<\/div>\n\t\t\u00a0\n\t\t\n<!-- template_part page - page -->\t\n\t\t\n\t\t<h3 id=\"category-reticle-handling\">Reticle Handling<\/h3>\n\t\t<div class=\"product-row clearfix\">\n\n\t\t\t\t\n\t\t\t\t<article class=\"col-xs-12 col-sm-6 clearfix\" data-href=\"https:\/\/www.fabmatics.com\/de\/produkte\/handling\/reticle-handling\/euv-reticle-handling\/\">\n\t\t\t\t\t<div class=\"row\">\n\t\t\t\t\t\t<figure class=\"col-xs-12 col-sm-6\">\n\t\t\t\t\t\t\t<img loading=\"lazy\" decoding=\"async\" width=\"300\" height=\"242\" src=\"https:\/\/www.fabmatics.com\/files\/2023\/06\/fabmatics-active-mask-gripper-cleanroom-300x242.jpg\" class=\"attachment-medium size-medium\" alt=\"Active Mask Gripper in the Cleanroom\" title=\"Active Mask Gripper in the Cleanroom\" srcset=\"https:\/\/www.fabmatics.com\/files\/2023\/06\/fabmatics-active-mask-gripper-cleanroom-300x242.jpg 300w, https:\/\/www.fabmatics.com\/files\/2023\/06\/fabmatics-active-mask-gripper-cleanroom-768x620.jpg 768w, https:\/\/www.fabmatics.com\/files\/2023\/06\/fabmatics-active-mask-gripper-cleanroom.jpg 1000w\" sizes=\"auto, (max-width: 300px) 100vw, 300px\" \/>\t\t\t\t\t\t<\/figure>\n\t\t\t\t\t\t<div class=\"col-xs-12 col-sm-6\">\n\t\t\t\t\t\t\t<h4>EUV-Reticle-Handling<\/h4>\n\t\t\t\t\t\t\t<p>Handhabung in h\u00f6chster Reinraumqualit\u00e4t f\u00fcr die EUV-Lithografie<\/p>\n\t\t\t\t\t\t\t<p><a href=\"https:\/\/www.fabmatics.com\/de\/produkte\/handling\/reticle-handling\/euv-reticle-handling\/\" title=\"EUV-Reticle-Handling: Erfahren Sie mehr\">Erfahren Sie mehr<\/a><\/p>\n\t\t\t\t\t\t<\/div>\n\t\t\t\t\t<\/div>\n\t\t\t\t<\/article>\n\t\t\n\t\n\t\t\t\t\n\t\t\t\t<article class=\"col-xs-12 col-sm-6 clearfix\" data-href=\"https:\/\/www.fabmatics.com\/de\/produkte\/handling\/reticle-handling\/reticle-greifer\/\">\n\t\t\t\t\t<div class=\"row\">\n\t\t\t\t\t\t<figure class=\"col-xs-12 col-sm-6\">\n\t\t\t\t\t\t\t<img loading=\"lazy\" decoding=\"async\" width=\"235\" height=\"300\" src=\"https:\/\/www.fabmatics.com\/files\/2016\/10\/PICT4470web-235x300.jpg\" class=\"attachment-medium size-medium\" alt=\"Reticle Greifer\" title=\"Reticle Greifer\" srcset=\"https:\/\/www.fabmatics.com\/files\/2016\/10\/PICT4470web-235x300.jpg 235w, https:\/\/www.fabmatics.com\/files\/2016\/10\/PICT4470web-768x978.jpg 768w, https:\/\/www.fabmatics.com\/files\/2016\/10\/PICT4470web-804x1024.jpg 804w, https:\/\/www.fabmatics.com\/files\/2016\/10\/PICT4470web.jpg 1000w\" sizes=\"auto, (max-width: 235px) 100vw, 235px\" \/>\t\t\t\t\t\t<\/figure>\n\t\t\t\t\t\t<div class=\"col-xs-12 col-sm-6\">\n\t\t\t\t\t\t\t<h4>Reticle Greifer<\/h4>\n\t\t\t\t\t\t\t<p>Greifer zum sicheren und zuverl\u00e4ssigen Handhaben einzelner Photomasken<\/p>\n\t\t\t\t\t\t\t<p><a href=\"https:\/\/www.fabmatics.com\/de\/produkte\/handling\/reticle-handling\/reticle-greifer\/\" title=\"Reticle Greifer: Erfahren Sie mehr\">Erfahren Sie mehr<\/a><\/p>\n\t\t\t\t\t\t<\/div>\n\t\t\t\t\t<\/div>\n\t\t\t\t<\/article>\n\t\t\n\t\n\t\t\t\t\t\n\t\t<\/div>\n\t\t\u00a0\n\t\t\n<!-- template_part page - page -->\t\n\t\t\n\t\t<h3 id=\"category-mobile-roboter\">Mobile Roboter<\/h3>\n\t\t<div class=\"product-row clearfix\">\n\n\t\t\t\t\n\t\t\t\t<article class=\"col-xs-12 col-sm-6 clearfix\" data-href=\"https:\/\/www.fabmatics.com\/de\/produkte\/handling\/mobile-roboter\/hero-fab\/\">\n\t\t\t\t\t<div class=\"row\">\n\t\t\t\t\t\t<figure class=\"col-xs-12 col-sm-6\">\n\t\t\t\t\t\t\t<img loading=\"lazy\" decoding=\"async\" width=\"225\" height=\"300\" src=\"https:\/\/www.fabmatics.com\/files\/2022\/08\/mobile-robot-hero-fab-smif-pods-225x300.jpg\" class=\"attachment-medium size-medium\" alt=\"Mobiler Roboter im Reinraum: Der HERO \u00ae FAB 200 f\u00fcr SMIF-Pods mit vier Pufferelementen\" title=\"Mobiler Roboter HERO FAB 200 SMIF Pod\" srcset=\"https:\/\/www.fabmatics.com\/files\/2022\/08\/mobile-robot-hero-fab-smif-pods-225x300.jpg 225w, https:\/\/www.fabmatics.com\/files\/2022\/08\/mobile-robot-hero-fab-smif-pods.jpg 768w\" sizes=\"auto, (max-width: 225px) 100vw, 225px\" \/>\t\t\t\t\t\t<\/figure>\n\t\t\t\t\t\t<div class=\"col-xs-12 col-sm-6\">\n\t\t\t\t\t\t\t<h4>HERO\u00aeFAB<\/h4>\n\t\t\t\t\t\t\t<p>Freifahrendes Robotersystem zum Transport und Handling von Waferkassetten<\/p>\n\t\t\t\t\t\t\t<p><a href=\"https:\/\/www.fabmatics.com\/de\/produkte\/handling\/mobile-roboter\/hero-fab\/\" title=\"HERO\u00aeFAB: Erfahren Sie mehr\">Erfahren Sie mehr<\/a><\/p>\n\t\t\t\t\t\t<\/div>\n\t\t\t\t\t<\/div>\n\t\t\t\t<\/article>\n\t\t\n\t\n\t\t\t\t\n\t\t\t\t<article class=\"col-xs-12 col-sm-6 clearfix\" data-href=\"https:\/\/www.fabmatics.com\/de\/produkte\/handling\/mobile-roboter\/hero-scout\/\">\n\t\t\t\t\t<div class=\"row\">\n\t\t\t\t\t\t<figure class=\"col-xs-12 col-sm-6\">\n\t\t\t\t\t\t\t<img loading=\"lazy\" decoding=\"async\" width=\"109\" height=\"300\" src=\"https:\/\/www.fabmatics.com\/files\/2024\/06\/hero-scout-fabmatics-cropped-109x300.png\" class=\"attachment-medium size-medium\" alt=\"HERO Scout Reticle Transport and Handling\" title=\"hero-scout-fabmatics-cropped\" srcset=\"https:\/\/www.fabmatics.com\/files\/2024\/06\/hero-scout-fabmatics-cropped-109x300.png 109w, https:\/\/www.fabmatics.com\/files\/2024\/06\/hero-scout-fabmatics-cropped-371x1024.png 371w, https:\/\/www.fabmatics.com\/files\/2024\/06\/hero-scout-fabmatics-cropped-556x1536.png 556w, https:\/\/www.fabmatics.com\/files\/2024\/06\/hero-scout-fabmatics-cropped.png 630w\" sizes=\"auto, (max-width: 109px) 100vw, 109px\" \/>\t\t\t\t\t\t<\/figure>\n\t\t\t\t\t\t<div class=\"col-xs-12 col-sm-6\">\n\t\t\t\t\t\t\t<h4>HERO Scout<\/h4>\n\t\t\t\t\t\t\t<p>Mobiler Roboter zum flexiblen und sicheren Transport und Handling von Reticle Pods<\/p>\n\t\t\t\t\t\t\t<p><a href=\"https:\/\/www.fabmatics.com\/de\/produkte\/handling\/mobile-roboter\/hero-scout\/\" title=\"HERO Scout: Erfahren Sie mehr\">Erfahren Sie mehr<\/a><\/p>\n\t\t\t\t\t\t<\/div>\n\t\t\t\t\t<\/div>\n\t\t\t\t<\/article>\n\t\t\n\t\n\t\t\t\t\t\n\t\t<\/div>\n\t\t\u00a0\n\t\t\n<!-- template_part page - page -->\t\n\t\t\n\t\t<h3 id=\"category-handling-tools\">Handling Tools<\/h3>\n\t\t<div class=\"product-row clearfix\">\n\n\t\t\t\t\n\t\t\t\t<article class=\"col-xs-12 col-sm-6 clearfix\" data-href=\"https:\/\/www.fabmatics.com\/de\/produkte\/handling\/handling-tools\/foup-opener\/\">\n\t\t\t\t\t<div class=\"row\">\n\t\t\t\t\t\t<figure class=\"col-xs-12 col-sm-6\">\n\t\t\t\t\t\t\t<img loading=\"lazy\" decoding=\"async\" width=\"300\" height=\"225\" src=\"https:\/\/www.fabmatics.com\/files\/2016\/10\/FOUPopener11-300x225.jpg\" class=\"attachment-medium size-medium\" alt=\"FOUPopener\" title=\"FOUPopener\" srcset=\"https:\/\/www.fabmatics.com\/files\/2016\/10\/FOUPopener11-300x225.jpg 300w, https:\/\/www.fabmatics.com\/files\/2016\/10\/FOUPopener11-768x576.jpg 768w, https:\/\/www.fabmatics.com\/files\/2016\/10\/FOUPopener11-1024x768.jpg 1024w, https:\/\/www.fabmatics.com\/files\/2016\/10\/FOUPopener11.jpg 1600w\" sizes=\"auto, (max-width: 300px) 100vw, 300px\" \/>\t\t\t\t\t\t<\/figure>\n\t\t\t\t\t\t<div class=\"col-xs-12 col-sm-6\">\n\t\t\t\t\t\t\t<h4>FOUP Opener<\/h4>\n\t\t\t\t\t\t\t<p>Manuelles Instrument zum zweih\u00e4ndigen \u00d6ffnen von 300mm FOUPs<\/p>\n\t\t\t\t\t\t\t<p><a href=\"https:\/\/www.fabmatics.com\/de\/produkte\/handling\/handling-tools\/foup-opener\/\" title=\"FOUP Opener: Erfahren Sie mehr\">Erfahren Sie mehr<\/a><\/p>\n\t\t\t\t\t\t<\/div>\n\t\t\t\t\t<\/div>\n\t\t\t\t<\/article>\n\t\t\n\t\n\t\t\t\t\t\n\t\t<\/div>\n\t\t\u00a0\n\t\t\n\n<\/div>\n","protected":false},"excerpt":{"rendered":"<p>&Uuml;berblick Handlingsysteme<\/p>\n","protected":false},"author":1,"featured_media":2577,"parent":30,"menu_order":100,"comment_status":"closed","ping_status":"closed","template":"page-full-width.php","meta":{"footnotes":""},"class_list":["post-57","page","type-page","status-publish","has-post-thumbnail","hentry"],"_links":{"self":[{"href":"https:\/\/www.fabmatics.com\/de\/wp-json\/wp\/v2\/pages\/57","targetHints":{"allow":["GET"]}}],"collection":[{"href":"https:\/\/www.fabmatics.com\/de\/wp-json\/wp\/v2\/pages"}],"about":[{"href":"https:\/\/www.fabmatics.com\/de\/wp-json\/wp\/v2\/types\/page"}],"author":[{"embeddable":true,"href":"https:\/\/www.fabmatics.com\/de\/wp-json\/wp\/v2\/users\/1"}],"replies":[{"embeddable":true,"href":"https:\/\/www.fabmatics.com\/de\/wp-json\/wp\/v2\/comments?post=57"}],"version-history":[{"count":4,"href":"https:\/\/www.fabmatics.com\/de\/wp-json\/wp\/v2\/pages\/57\/revisions"}],"predecessor-version":[{"id":3444,"href":"https:\/\/www.fabmatics.com\/de\/wp-json\/wp\/v2\/pages\/57\/revisions\/3444"}],"up":[{"embeddable":true,"href":"https:\/\/www.fabmatics.com\/de\/wp-json\/wp\/v2\/pages\/30"}],"wp:featuredmedia":[{"embeddable":true,"href":"https:\/\/www.fabmatics.com\/de\/wp-json\/wp\/v2\/media\/2577"}],"wp:attachment":[{"href":"https:\/\/www.fabmatics.com\/de\/wp-json\/wp\/v2\/media?parent=57"}],"curies":[{"name":"wp","href":"https:\/\/api.w.org\/{rel}","templated":true}]}}