{"id":4515,"date":"2018-05-21T16:32:54","date_gmt":"2018-05-21T14:32:54","guid":{"rendered":"https:\/\/www.fabmatics.com\/?page_id=4515"},"modified":"2018-11-12T11:00:50","modified_gmt":"2018-11-12T10:00:50","slug":"newsletter","status":"publish","type":"page","link":"https:\/\/www.fabmatics.com\/de\/aktuelles\/newsletter\/","title":{"rendered":"Newsletter"},"content":{"rendered":"<h2>F&uuml;r den Newsletter anmelden:<\/h2>\n<p class=\"western\">Erteilen Sie uns jetzt Ihre Einwilligung, Ihnen regelm&auml;&szlig;ig unseren Newsletter per E-Mail schicken zu d&uuml;rfen, indem Sie die Felder im nachfolgenden Formular ausf&uuml;llen. Bitte vergessen Sie nicht, das H&auml;kchen zu setzen, damit Ihre Einwilligung g&uuml;ltig ist. Ihre Einwilligung k&ouml;nnen Sie jederzeit widerrufen. Vielen Dank!<\/p>\n<p><div class=\"tnp tnp-subscription \">\n<form method=\"post\" action=\"https:\/\/www.fabmatics.com\/de\/?na=s\">\n<input type=\"hidden\" name=\"nlang\" value=\"de\">\n<div class=\"tnp-field tnp-field-firstname\"><label for=\"tnp-1\">Vorname oder ganzer Name<\/label>\n<input class=\"tnp-name\" type=\"text\" name=\"nn\" id=\"tnp-1\" value=\"\" placeholder=\"\"><\/div>\n<div class=\"tnp-field tnp-field-surname\"><label for=\"tnp-2\">Nachname<\/label>\n<input class=\"tnp-surname\" type=\"text\" name=\"ns\" id=\"tnp-2\" value=\"\" placeholder=\"\"><\/div><div class=\"tnp-field tnp-field-email\"><label for=\"tnp-3\">E-Mail *<\/label>\n<input class=\"tnp-email\" type=\"email\" name=\"ne\" id=\"tnp-3\" value=\"\" placeholder=\"\" required><\/div>\n<div class=\"tnp-field tnp-field-gender\"><label for=\"tnp-4\">Anrede<\/label>\n<select name=\"nx\" class=\"tnp-gender\" id=\"tnp-gender\"><option value=\"n\">Anrede neutral<\/option><option value=\"f\">weiblich<\/option><option value=\"m\">m\u00e4nnlich<\/option><\/select><\/div>\n<div class=\"tnp-field tnp-field-profile\"><label for=\"tnp-5\">Anrede<\/label>\n<input class=\"tnp-profile tnp-profile-1\" id=\"tnp-profile_1\" type=\"text\" size=\"\" name=\"np1\" placeholder=\"(dient der Personalisierung des Newsletters)\"><\/div>\n<div class=\"tnp-field tnp-privacy-field\"><label><input type=\"checkbox\" name=\"ny\" required class=\"tnp-privacy\"> <a target=\"_blank\" href=\"https:\/\/www.fabmatics.com\/de\/service\/datenschutzhinweise\/\">Ich bin damit einverstanden, dass meine Adresse gem\u00e4\u00df Datenschutzerkl\u00e4rung f\u00fcr den Versand des Newsletters verwendet und ein Newslettertracking eingesetzt wird, um mein Verhalten bei der Nutzung des Newsletters nachzuvollziehen und so den Newsletter zu verbessern. Das Abonnement des Newsletters kann ich jederzeit durch Anklicken des entsprechenden Links im Newsletter beenden.<\/a><\/label><\/div><div class=\"tnp-field tnp-field-button\" style=\"text-align: left\"><input class=\"tnp-submit\" type=\"submit\" value=\"Jetzt abonnieren\" style=\"\">\n<\/div>\n<\/form>\n<\/div>\n<\/p>\n","protected":false},"excerpt":{"rendered":"<p>F&uuml;r den Newsletter anmelden: Erteilen Sie uns jetzt Ihre Einwilligung, Ihnen regelm&auml;&szlig;ig unseren Newsletter per E-Mail schicken zu d&uuml;rfen, indem Sie die Felder im nachfolgenden Formular ausf&uuml;llen. Bitte vergessen Sie nicht, das H&auml;kchen zu setzen, damit Ihre Einwilligung g&uuml;ltig ist. Ihre Einwilligung k&ouml;nnen Sie jederzeit widerrufen. Vielen Dank!<\/p>\n","protected":false},"author":1,"featured_media":0,"parent":43,"menu_order":0,"comment_status":"closed","ping_status":"closed","template":"","meta":{"footnotes":""},"class_list":["post-4515","page","type-page","status-publish","hentry"],"_links":{"self":[{"href":"https:\/\/www.fabmatics.com\/de\/wp-json\/wp\/v2\/pages\/4515","targetHints":{"allow":["GET"]}}],"collection":[{"href":"https:\/\/www.fabmatics.com\/de\/wp-json\/wp\/v2\/pages"}],"about":[{"href":"https:\/\/www.fabmatics.com\/de\/wp-json\/wp\/v2\/types\/page"}],"author":[{"embeddable":true,"href":"https:\/\/www.fabmatics.com\/de\/wp-json\/wp\/v2\/users\/1"}],"replies":[{"embeddable":true,"href":"https:\/\/www.fabmatics.com\/de\/wp-json\/wp\/v2\/comments?post=4515"}],"version-history":[{"count":10,"href":"https:\/\/www.fabmatics.com\/de\/wp-json\/wp\/v2\/pages\/4515\/revisions"}],"predecessor-version":[{"id":5113,"href":"https:\/\/www.fabmatics.com\/de\/wp-json\/wp\/v2\/pages\/4515\/revisions\/5113"}],"up":[{"embeddable":true,"href":"https:\/\/www.fabmatics.com\/de\/wp-json\/wp\/v2\/pages\/43"}],"wp:attachment":[{"href":"https:\/\/www.fabmatics.com\/de\/wp-json\/wp\/v2\/media?parent=4515"}],"curies":[{"name":"wp","href":"https:\/\/api.w.org\/{rel}","templated":true}]}}